{"id":15,"date":"2025-01-18T18:48:13","date_gmt":"2025-01-18T17:48:13","guid":{"rendered":"https:\/\/www.hiperlojistik.com\/de\/?page_id=15"},"modified":"2025-01-18T19:03:04","modified_gmt":"2025-01-18T18:03:04","slug":"ueber-uns","status":"publish","type":"page","link":"https:\/\/www.hiperlojistik.com\/de\/ueber-uns\/","title":{"rendered":"\u00dcber uns"},"content":{"rendered":"<h2>\u00dcber Hiper Logistik Ag.<\/h2>\n<p>Als Hiper Lojistik A.\u015e. bieten wir in Zusammenarbeit mit Partnern und Agenturen in \u00fcber 55 L\u00e4ndern nachhaltige, gr\u00fcne Logistikdienstleistungen im Stra\u00dfen-, Luft- und Seetransport an. Unsere Mission ist es, moderne L\u00f6sungen zu entwickeln, die das t\u00e4gliche Leben erleichtern und unsere Kunden mit innovativen Systemen der Zukunft in der Gegenwart unterst\u00fctzen.<\/p>\n<p>Seit den fr\u00fchen 2000er Jahren hat Hiper Lojistik seine Wurzeln in fundierter Branchenerfahrung und Expertise. Mit dem Ziel, global ma\u00dfgeschneiderte Transportl\u00f6sungen f\u00fcr Stra\u00dfe, Luft und See anzubieten, haben wir uns als ein f\u00fchrendes Unternehmen in der internationalen Logistik etabliert. Indem wir neueste Technologien und Daten in unsere Arbeitsprozesse integrieren, erweitern wir kontinuierlich unser modernes Logistiknetzwerk und optimieren unsere Dienstleistungen \u2013 bis zur letzten Meile und dar\u00fcber hinaus, einschlie\u00dflich Recyclingl\u00f6sungen.<\/p>\n<hr \/>\n<h3>Unsere Werte und Umweltbewusstsein<\/h3>\n<p>Hiper Lojistik hat sich dem Konzept der gr\u00fcnen Logistik verschrieben und legt gro\u00dfen Wert auf Umweltbewusstsein. Unsere kundenorientierte Arbeitsweise st\u00e4rkt das Vertrauen unserer Partner und treibt unsere Entwicklung stetig voran. Mit einem klaren Ziel, zuk\u00fcnftigen Generationen eine gr\u00fcnere Welt zu hinterlassen, setzen wir auf umweltfreundliche Techniken und Methoden, die in der Logistikbranche f\u00fchrend sind.<\/p>\n<p>Insbesondere der Einsatz von intermodalen und multimodalen Transportl\u00f6sungen erm\u00f6glicht es uns, die Effizienz zu steigern und gleichzeitig die Umweltbelastung erheblich zu reduzieren. Unser Engagement f\u00fcr Nachhaltigkeit spiegelt sich in jeder Phase unserer Dienstleistungen wider \u2013 von der Planung bis zur Ausf\u00fchrung.<\/p>\n<hr \/>\n<h3>Warum Hiper Lojistik in Deutschland?<\/h3>\n<p>In Deutschland, wo Nachhaltigkeit und Vertrauen eine zentrale Rolle in den Konsumentscheidungen spielen, sind wir stolz darauf, zuverl\u00e4ssige und umweltfreundliche Logistikl\u00f6sungen anzubieten. Unsere Geschichte basiert auf dem Aufbau langfristiger Partnerschaften und der Bereitstellung innovativer L\u00f6sungen, die sowohl Unternehmen als auch die Umwelt unterst\u00fctzen.<\/p>\n<hr \/>\n<h3>Unsere Vision<\/h3>\n<p>Eine weltweit wachsende Logistikinfrastruktur, die den Bed\u00fcrfnissen der modernen Gesch\u00e4ftswelt gerecht wird.<\/p>\n<hr \/>\n<h3>Unsere Mission<\/h3>\n<p>Mit fortschrittlichen Logistiksystemen und innovativen L\u00f6sungen sicherstellen, dass unsere Kunden stets die besten Preise und die h\u00f6chste Servicequalit\u00e4t erhalten.<\/p>\n<hr \/>\n<p>Dieses gr\u00fcne und zukunftsorientierte Versprechen macht Hiper Lojistik zu einem Partner, dem Sie vertrauen k\u00f6nnen.<\/p>\n","protected":false},"excerpt":{"rendered":"<p>\u00dcber Hiper Logistik Ag. Als Hiper Lojistik A.\u015e. bieten wir in Zusammenarbeit mit Partnern und Agenturen in \u00fcber 55 L\u00e4ndern nachhaltige, gr\u00fcne Logistikdienstleistungen im Stra\u00dfen-, Luft- und Seetransport an. Unsere Mission ist es, moderne L\u00f6sungen zu entwickeln, die das t\u00e4gliche Leben erleichtern und unsere Kunden mit innovativen Systemen der Zukunft in der Gegenwart unterst\u00fctzen. Seit [&hellip;]<\/p>\n","protected":false},"author":1,"featured_media":0,"parent":0,"menu_order":0,"comment_status":"closed","ping_status":"closed","template":"","meta":{"footnotes":""},"class_list":["post-15","page","type-page","status-publish","hentry"],"aioseo_notices":[],"_links":{"self":[{"href":"https:\/\/www.hiperlojistik.com\/de\/wp-json\/wp\/v2\/pages\/15","targetHints":{"allow":["GET"]}}],"collection":[{"href":"https:\/\/www.hiperlojistik.com\/de\/wp-json\/wp\/v2\/pages"}],"about":[{"href":"https:\/\/www.hiperlojistik.com\/de\/wp-json\/wp\/v2\/types\/page"}],"author":[{"embeddable":true,"href":"https:\/\/www.hiperlojistik.com\/de\/wp-json\/wp\/v2\/users\/1"}],"replies":[{"embeddable":true,"href":"https:\/\/www.hiperlojistik.com\/de\/wp-json\/wp\/v2\/comments?post=15"}],"version-history":[{"count":2,"href":"https:\/\/www.hiperlojistik.com\/de\/wp-json\/wp\/v2\/pages\/15\/revisions"}],"predecessor-version":[{"id":26,"href":"https:\/\/www.hiperlojistik.com\/de\/wp-json\/wp\/v2\/pages\/15\/revisions\/26"}],"wp:attachment":[{"href":"https:\/\/www.hiperlojistik.com\/de\/wp-json\/wp\/v2\/media?parent=15"}],"curies":[{"name":"wp","href":"https:\/\/api.w.org\/{rel}","templated":true}]}}