{"id":17,"date":"2025-01-18T18:53:16","date_gmt":"2025-01-18T17:53:16","guid":{"rendered":"https:\/\/www.hiperlojistik.com\/de\/?page_id=17"},"modified":"2025-01-18T18:53:16","modified_gmt":"2025-01-18T17:53:16","slug":"unsere-dienstleistungen","status":"publish","type":"page","link":"https:\/\/www.hiperlojistik.com\/de\/unsere-dienstleistungen\/","title":{"rendered":"Unsere Dienstleistungen"},"content":{"rendered":"<p><strong>Als Hiper Lojistik bieten wir Logistikdienstleistungen an, die vor allem Deutschland, Belgien, die Niederlande und Frankreich abdecken, aber auch die Balkanl\u00e4nder, die Turkstaaten und die L\u00e4nder des Nahen Ostens umfassen.<\/strong> Mit einem weitreichenden Netzwerk liefern wir von der T\u00fcrkei nach Europa sowie von Europa nach Zentralasien und in die L\u00e4nder des Nahen Ostens. Unser Schwerpunkt liegt auf Stra\u00dfentransporten, erg\u00e4nzt durch intermodale, multimodale, See-, Luft- und Schienentransporte.<\/p>\n<p>Als ein auf internationale Transporte spezialisiertes Unternehmen arbeiten wir eng mit einem weltweiten Netz von Agenturen und Partnern zusammen, um vertrauensw\u00fcrdige, kundenorientierte Dienstleistungen und wettbewerbsf\u00e4hige Preise anzubieten. Von Europa aus bedienen wir die zentralasiatischen L\u00e4nder wie Georgien, Aserbaidschan, Kasachstan, Russland, Usbekistan, Tadschikistan und Kirgisistan. F\u00fcr diese Regionen bieten wir flexible und schnelle Transportl\u00f6sungen mit Minivans, Lorryvans, Teilladungen und Komplettladungen an.<\/p>\n<p>Dar\u00fcber hinaus sind wir mit unserem erfahrenen Team auf Schwertransporte und Spezialprojekte spezialisiert und bieten die besten Optionen f\u00fcr Stra\u00dfen-, See-, Luft- und Schienentransporte. Unsere Dienstleistungen basieren auf ma\u00dfgeschneiderten logistischen L\u00f6sungen, die speziell auf die Bed\u00fcrfnisse unserer Kunden abgestimmt und in deren Unternehmenssysteme integriert werden k\u00f6nnen.<\/p>\n","protected":false},"excerpt":{"rendered":"<p>Als Hiper Lojistik bieten wir Logistikdienstleistungen an, die vor allem Deutschland, Belgien, die Niederlande und Frankreich abdecken, aber auch die Balkanl\u00e4nder, die Turkstaaten und die L\u00e4nder des Nahen Ostens umfassen. Mit einem weitreichenden Netzwerk liefern wir von der T\u00fcrkei nach Europa sowie von Europa nach Zentralasien und in die L\u00e4nder des Nahen Ostens. Unser Schwerpunkt [&hellip;]<\/p>\n","protected":false},"author":1,"featured_media":0,"parent":0,"menu_order":0,"comment_status":"closed","ping_status":"closed","template":"","meta":{"footnotes":""},"class_list":["post-17","page","type-page","status-publish","hentry"],"aioseo_notices":[],"_links":{"self":[{"href":"https:\/\/www.hiperlojistik.com\/de\/wp-json\/wp\/v2\/pages\/17","targetHints":{"allow":["GET"]}}],"collection":[{"href":"https:\/\/www.hiperlojistik.com\/de\/wp-json\/wp\/v2\/pages"}],"about":[{"href":"https:\/\/www.hiperlojistik.com\/de\/wp-json\/wp\/v2\/types\/page"}],"author":[{"embeddable":true,"href":"https:\/\/www.hiperlojistik.com\/de\/wp-json\/wp\/v2\/users\/1"}],"replies":[{"embeddable":true,"href":"https:\/\/www.hiperlojistik.com\/de\/wp-json\/wp\/v2\/comments?post=17"}],"version-history":[{"count":1,"href":"https:\/\/www.hiperlojistik.com\/de\/wp-json\/wp\/v2\/pages\/17\/revisions"}],"predecessor-version":[{"id":18,"href":"https:\/\/www.hiperlojistik.com\/de\/wp-json\/wp\/v2\/pages\/17\/revisions\/18"}],"wp:attachment":[{"href":"https:\/\/www.hiperlojistik.com\/de\/wp-json\/wp\/v2\/media?parent=17"}],"curies":[{"name":"wp","href":"https:\/\/api.w.org\/{rel}","templated":true}]}}