{"id":19,"date":"2025-01-18T18:58:46","date_gmt":"2025-01-18T17:58:46","guid":{"rendered":"https:\/\/www.hiperlojistik.com\/de\/?page_id=19"},"modified":"2025-01-18T19:01:41","modified_gmt":"2025-01-18T18:01:41","slug":"kontakt","status":"publish","type":"page","link":"https:\/\/www.hiperlojistik.com\/de\/kontakt\/","title":{"rendered":"Kontakt"},"content":{"rendered":"<h2><strong>Kontaktinformationen \u2013 Hiper Lojistik D\u0131\u015f Ticaret A.\u015e.<\/strong><\/h2>\n<h4><strong>Hauptsitz<\/strong><\/h4>\n<ul>\n<li><strong>Adresse<\/strong>: Sa\u011fl\u0131k Mah. 86022 SK. No: 1\/5 Toroslar \/ Mersin<\/li>\n<li><strong>Telefon<\/strong>: 444 1 225 \/\/\/ +90 212 354 2610<\/li>\n<li><strong>E-Mail<\/strong>: <a rel=\"noopener\">info@hiperlojistik.com<\/a><\/li>\n<\/ul>\n<h4><strong>Filiale Hatay<\/strong><\/h4>\n<ul>\n<li><strong>Adresse<\/strong>: Sarayc\u0131k Mah. 183. Sokak Nakliyeciler Sitesi No:35 D:44 Antakya \/ Hatay<\/li>\n<\/ul>\n<h4><strong>Lager Istanbul<\/strong><\/h4>\n<ul>\n<li><strong>Adresse<\/strong>: Ambarl\u0131 Liman Tesisleri 4. Etap Depo Beylikd\u00fcz\u00fc \/ \u0130stanbul<\/li>\n<\/ul>\n<h4><strong>Mobil &amp; WhatsApp<\/strong><\/h4>\n<ul>\n<li><strong>Telefon<\/strong>: +90 532 507 9477<\/li>\n<\/ul>\n<h4><strong>Allgemeine E-Mail<\/strong><\/h4>\n<ul>\n<li><a rel=\"noopener\">info@hiperlojistik.com<\/a><\/li>\n<\/ul>\n","protected":false},"excerpt":{"rendered":"<p>Kontaktinformationen \u2013 Hiper Lojistik D\u0131\u015f Ticaret A.\u015e. Hauptsitz Adresse: Sa\u011fl\u0131k Mah. 86022 SK. No: 1\/5 Toroslar \/ Mersin Telefon: 444 1 225 \/\/\/ +90 212 354 2610 E-Mail: info@hiperlojistik.com Filiale Hatay Adresse: Sarayc\u0131k Mah. 183. Sokak Nakliyeciler Sitesi No:35 D:44 Antakya \/ Hatay Lager Istanbul Adresse: Ambarl\u0131 Liman Tesisleri 4. Etap Depo Beylikd\u00fcz\u00fc \/ \u0130stanbul [&hellip;]<\/p>\n","protected":false},"author":1,"featured_media":0,"parent":0,"menu_order":0,"comment_status":"closed","ping_status":"closed","template":"","meta":{"footnotes":""},"class_list":["post-19","page","type-page","status-publish","hentry"],"aioseo_notices":[],"_links":{"self":[{"href":"https:\/\/www.hiperlojistik.com\/de\/wp-json\/wp\/v2\/pages\/19","targetHints":{"allow":["GET"]}}],"collection":[{"href":"https:\/\/www.hiperlojistik.com\/de\/wp-json\/wp\/v2\/pages"}],"about":[{"href":"https:\/\/www.hiperlojistik.com\/de\/wp-json\/wp\/v2\/types\/page"}],"author":[{"embeddable":true,"href":"https:\/\/www.hiperlojistik.com\/de\/wp-json\/wp\/v2\/users\/1"}],"replies":[{"embeddable":true,"href":"https:\/\/www.hiperlojistik.com\/de\/wp-json\/wp\/v2\/comments?post=19"}],"version-history":[{"count":3,"href":"https:\/\/www.hiperlojistik.com\/de\/wp-json\/wp\/v2\/pages\/19\/revisions"}],"predecessor-version":[{"id":25,"href":"https:\/\/www.hiperlojistik.com\/de\/wp-json\/wp\/v2\/pages\/19\/revisions\/25"}],"wp:attachment":[{"href":"https:\/\/www.hiperlojistik.com\/de\/wp-json\/wp\/v2\/media?parent=19"}],"curies":[{"name":"wp","href":"https:\/\/api.w.org\/{rel}","templated":true}]}}