
{"id":41,"date":"2022-03-16T15:33:26","date_gmt":"2022-03-16T12:33:26","guid":{"rendered":"https:\/\/hiperlojistik.com\/en\/?page_id=41"},"modified":"2022-03-16T15:33:27","modified_gmt":"2022-03-16T12:33:27","slug":"sea-transport","status":"publish","type":"page","link":"https:\/\/www.hiperlojistik.com\/en\/sea-transport\/","title":{"rendered":"SEA TRANSPORT"},"content":{"rendered":"\n<h2 class=\"wp-block-heading\">SEAWAY TRANSPORT<\/h2>\n\n\n\n<figure class=\"wp-block-image size-full\"><img loading=\"lazy\" decoding=\"async\" width=\"735\" height=\"419\" src=\"https:\/\/hiperlojistik.com\/en\/wp-content\/uploads\/2022\/03\/seaway-transport.jpg\" alt=\"SEAWAY TRANSPORT\" class=\"wp-image-42\" srcset=\"https:\/\/www.hiperlojistik.com\/en\/wp-content\/uploads\/2022\/03\/seaway-transport.jpg 735w, https:\/\/www.hiperlojistik.com\/en\/wp-content\/uploads\/2022\/03\/seaway-transport-300x171.jpg 300w\" sizes=\"auto, (max-width: 735px) 100vw, 735px\" \/><\/figure>\n\n\n\n<p>As Hiper Logistics; It provides seaway service from Turkey to the Middle East, Far East, Europe and African Countries. We produce expert solutions for the business that is in good condition with professional training. We produce customer services with our system network that offers fast integrated solutions in the sector.<\/p>\n\n\n\n<p>Turkey&#8217;s Mersin, \u0130skenderun, \u0130zmir Alia\u011fa, Nemport, Evyap, \u0130zmir, Haydarpa\u015fa, Gemlik, Ambarl\u0131 (Kumport, Marda\u015f, Marport) Middle East&#8217;s Doha, Hamad, Shuwaikh, Jebel Ali, Alexandria, Damiatta, Beirut, Haifa, Ashdod , We ship 20 d, 40 dc, 40 hc, ree, oversized, open top, flattrack containers to Sohar ports. At the same time, as Hiper Logistics; We charter RORO Ships.<\/p>\n\n\n\n<h2 class=\"wp-block-heading\">Our Sea Freight Services<\/h2>\n\n\n\n<p><br>We place load tracking, regulations and necessary mechanisms. We have produced the right solutions to continue without suffering from the crisis of transportation costs and does not talk about raising them. We add strength with advantageous freight rates.<\/p>\n","protected":false},"excerpt":{"rendered":"<p>SEAWAY TRANSPORT As Hiper Logistics; It provides seaway service from Turkey to the Middle East, Far East, Europe and African Countries. We produce expert solutions for the business that is in good condition with professional training. We produce customer services with our system network that offers fast integrated solutions in the sector. Turkey&#8217;s Mersin, \u0130skenderun, [&hellip;]<\/p>\n","protected":false},"author":1,"featured_media":42,"parent":0,"menu_order":0,"comment_status":"closed","ping_status":"closed","template":"","meta":{"footnotes":""},"class_list":["post-41","page","type-page","status-publish","has-post-thumbnail","hentry"],"aioseo_notices":[],"_links":{"self":[{"href":"https:\/\/www.hiperlojistik.com\/en\/wp-json\/wp\/v2\/pages\/41","targetHints":{"allow":["GET"]}}],"collection":[{"href":"https:\/\/www.hiperlojistik.com\/en\/wp-json\/wp\/v2\/pages"}],"about":[{"href":"https:\/\/www.hiperlojistik.com\/en\/wp-json\/wp\/v2\/types\/page"}],"author":[{"embeddable":true,"href":"https:\/\/www.hiperlojistik.com\/en\/wp-json\/wp\/v2\/users\/1"}],"replies":[{"embeddable":true,"href":"https:\/\/www.hiperlojistik.com\/en\/wp-json\/wp\/v2\/comments?post=41"}],"version-history":[{"count":1,"href":"https:\/\/www.hiperlojistik.com\/en\/wp-json\/wp\/v2\/pages\/41\/revisions"}],"predecessor-version":[{"id":43,"href":"https:\/\/www.hiperlojistik.com\/en\/wp-json\/wp\/v2\/pages\/41\/revisions\/43"}],"wp:featuredmedia":[{"embeddable":true,"href":"https:\/\/www.hiperlojistik.com\/en\/wp-json\/wp\/v2\/media\/42"}],"wp:attachment":[{"href":"https:\/\/www.hiperlojistik.com\/en\/wp-json\/wp\/v2\/media?parent=41"}],"curies":[{"name":"wp","href":"https:\/\/api.w.org\/{rel}","templated":true}]}}